{"id":228,"date":"2019-11-26T20:36:14","date_gmt":"2019-11-26T19:36:14","guid":{"rendered":"https:\/\/www.grupoasturemasl.com\/website\/?page_id=228"},"modified":"2021-02-16T19:35:12","modified_gmt":"2021-02-16T18:35:12","slug":"hormigoneras","status":"publish","type":"page","link":"https:\/\/www.grupoasturemasl.com\/website\/hormigoneras\/","title":{"rendered":"Hormigoneras"},"content":{"rendered":"\t\t<div data-elementor-type=\"wp-page\" data-elementor-id=\"228\" class=\"elementor elementor-228\">\n\t\t\t\t\t\t<section class=\"elementor-section elementor-top-section elementor-element elementor-element-c72fd46 elementor-section-boxed elementor-section-height-default elementor-section-height-default\" data-id=\"c72fd46\" data-element_type=\"section\">\n\t\t\t\t\t\t<div class=\"elementor-container elementor-column-gap-default\">\n\t\t\t\t\t<div class=\"elementor-column elementor-col-66 elementor-top-column elementor-element elementor-element-58854d8\" data-id=\"58854d8\" data-element_type=\"column\">\n\t\t\t<div class=\"elementor-widget-wrap elementor-element-populated\">\n\t\t\t\t\t\t<div class=\"elementor-element elementor-element-f3d4973 elementor-widget elementor-widget-image\" data-id=\"f3d4973\" data-element_type=\"widget\" data-widget_type=\"image.default\">\n\t\t\t\t<div class=\"elementor-widget-container\">\n\t\t\t\t\t\t\t\t\t\t\t\t\t\t\t<img fetchpriority=\"high\" decoding=\"async\" width=\"1024\" height=\"819\" src=\"https:\/\/www.grupoasturemasl.com\/website\/wp-content\/uploads\/2019\/11\/hormigoneras-1024x819.png\" class=\"attachment-large size-large wp-image-232\" alt=\"hormigonera logos\" srcset=\"https:\/\/www.grupoasturemasl.com\/website\/wp-content\/uploads\/2019\/11\/hormigoneras-1024x819.png 1024w, https:\/\/www.grupoasturemasl.com\/website\/wp-content\/uploads\/2019\/11\/hormigoneras-300x240.png 300w, https:\/\/www.grupoasturemasl.com\/website\/wp-content\/uploads\/2019\/11\/hormigoneras-768x614.png 768w, https:\/\/www.grupoasturemasl.com\/website\/wp-content\/uploads\/2019\/11\/hormigoneras.png 2000w\" sizes=\"(max-width: 1024px) 100vw, 1024px\" \/>\t\t\t\t\t\t\t\t\t\t\t\t\t\t\t<\/div>\n\t\t\t\t<\/div>\n\t\t\t\t\t<\/div>\n\t\t<\/div>\n\t\t\t\t<div class=\"elementor-column elementor-col-33 elementor-top-column elementor-element elementor-element-aefd744\" data-id=\"aefd744\" data-element_type=\"column\">\n\t\t\t<div class=\"elementor-widget-wrap elementor-element-populated\">\n\t\t\t\t\t\t<div class=\"elementor-element elementor-element-0ca49c6 elementor-view-default elementor-widget elementor-widget-icon\" data-id=\"0ca49c6\" data-element_type=\"widget\" data-widget_type=\"icon.default\">\n\t\t\t\t<div class=\"elementor-widget-container\">\n\t\t\t\t\t\t\t<div class=\"elementor-icon-wrapper\">\n\t\t\t<a class=\"elementor-icon\" href=\"https:\/\/www.grupoasturemasl.com\/website\/\">\n\t\t\t<i aria-hidden=\"true\" class=\"fas fa-angle-double-left\"><\/i>\t\t\t<\/a>\n\t\t<\/div>\n\t\t\t\t\t\t<\/div>\n\t\t\t\t<\/div>\n\t\t\t\t<div class=\"elementor-element elementor-element-ff51bfa elementor-widget elementor-widget-heading\" data-id=\"ff51bfa\" data-element_type=\"widget\" data-widget_type=\"heading.default\">\n\t\t\t\t<div class=\"elementor-widget-container\">\n\t\t\t\t\t<h2 class=\"elementor-heading-title elementor-size-default\">Consulta todas las marcas de hormigoneras que reparamos<\/h2>\t\t\t\t<\/div>\n\t\t\t\t<\/div>\n\t\t\t\t<div class=\"elementor-element elementor-element-b1f3adb elementor-align-left elementor-icon-list--layout-traditional elementor-list-item-link-full_width elementor-widget elementor-widget-icon-list\" data-id=\"b1f3adb\" data-element_type=\"widget\" data-widget_type=\"icon-list.default\">\n\t\t\t\t<div class=\"elementor-widget-container\">\n\t\t\t\t\t\t\t<ul class=\"elementor-icon-list-items\">\n\t\t\t\t\t\t\t<li class=\"elementor-icon-list-item\">\n\t\t\t\t\t\t\t\t\t\t\t<span class=\"elementor-icon-list-icon\">\n\t\t\t\t\t\t\t<i aria-hidden=\"true\" class=\"fas fa-chevron-right\"><\/i>\t\t\t\t\t\t<\/span>\n\t\t\t\t\t\t\t\t\t\t<span class=\"elementor-icon-list-text\">En Asturema nuestro equipo t\u00e9cnico es experto en reparaci\u00f3n de diferentes marcas.<\/span>\n\t\t\t\t\t\t\t\t\t<\/li>\n\t\t\t\t\t\t\t\t<li class=\"elementor-icon-list-item\">\n\t\t\t\t\t\t\t\t\t\t\t<span class=\"elementor-icon-list-icon\">\n\t\t\t\t\t\t\t<i aria-hidden=\"true\" class=\"fas fa-chevron-right\"><\/i>\t\t\t\t\t\t<\/span>\n\t\t\t\t\t\t\t\t\t\t<span class=\"elementor-icon-list-text\">Estamos en continua formaci\u00f3n para poder ofrecer los mejores servicios.<\/span>\n\t\t\t\t\t\t\t\t\t<\/li>\n\t\t\t\t\t\t\t\t<li class=\"elementor-icon-list-item\">\n\t\t\t\t\t\t\t\t\t\t\t<span class=\"elementor-icon-list-icon\">\n\t\t\t\t\t\t\t<i aria-hidden=\"true\" class=\"fas fa-chevron-right\"><\/i>\t\t\t\t\t\t<\/span>\n\t\t\t\t\t\t\t\t\t\t<span class=\"elementor-icon-list-text\">Contamos con un servicio de reparaci\u00f3n de centrales de hormigonado. Cons\u00faltanos para saber m\u00e1s.<\/span>\n\t\t\t\t\t\t\t\t\t<\/li>\n\t\t\t\t\t\t<\/ul>\n\t\t\t\t\t\t<\/div>\n\t\t\t\t<\/div>\n\t\t\t\t<div class=\"elementor-element elementor-element-4a5fe63 elementor-widget elementor-widget-spacer\" data-id=\"4a5fe63\" data-element_type=\"widget\" data-widget_type=\"spacer.default\">\n\t\t\t\t<div class=\"elementor-widget-container\">\n\t\t\t\t\t\t\t<div class=\"elementor-spacer\">\n\t\t\t<div class=\"elementor-spacer-inner\"><\/div>\n\t\t<\/div>\n\t\t\t\t\t\t<\/div>\n\t\t\t\t<\/div>\n\t\t\t\t<div class=\"elementor-element elementor-element-e92f36b elementor-align-center elementor-widget elementor-widget-button\" data-id=\"e92f36b\" data-element_type=\"widget\" data-widget_type=\"button.default\">\n\t\t\t\t<div class=\"elementor-widget-container\">\n\t\t\t\t\t\t\t\t\t<div class=\"elementor-button-wrapper\">\n\t\t\t\t\t<a class=\"elementor-button elementor-button-link elementor-size-md\" href=\"https:\/\/www.grupoasturemasl.com\/website\/contacto\/\">\n\t\t\t\t\t\t<span class=\"elementor-button-content-wrapper\">\n\t\t\t\t\t\t\t\t\t<span class=\"elementor-button-text\">Cont\u00e1ctanos<\/span>\n\t\t\t\t\t<\/span>\n\t\t\t\t\t<\/a>\n\t\t\t\t<\/div>\n\t\t\t\t\t\t\t\t<\/div>\n\t\t\t\t<\/div>\n\t\t\t\t\t<\/div>\n\t\t<\/div>\n\t\t\t\t\t<\/div>\n\t\t<\/section>\n\t\t\t\t<section class=\"elementor-section elementor-top-section elementor-element elementor-element-e14641d elementor-section-boxed elementor-section-height-default elementor-section-height-default\" data-id=\"e14641d\" data-element_type=\"section\">\n\t\t\t\t\t\t<div class=\"elementor-container elementor-column-gap-default\">\n\t\t\t\t\t<div class=\"elementor-column elementor-col-100 elementor-top-column elementor-element elementor-element-166a082\" data-id=\"166a082\" data-element_type=\"column\">\n\t\t\t<div class=\"elementor-widget-wrap elementor-element-populated\">\n\t\t\t\t\t\t<div class=\"elementor-element elementor-element-7ff5371 elementor-invisible elementor-widget elementor-widget-heading\" data-id=\"7ff5371\" data-element_type=\"widget\" data-settings=\"{&quot;_animation&quot;:&quot;bounce&quot;}\" data-widget_type=\"heading.default\">\n\t\t\t\t<div class=\"elementor-widget-container\">\n\t\t\t\t\t<h2 class=\"elementor-heading-title elementor-size-default\">\u00a1Tambi\u00e9n realizamos reparaci\u00f3nes de centrales de hormigonado!<\/h2>\t\t\t\t<\/div>\n\t\t\t\t<\/div>\n\t\t\t\t\t<\/div>\n\t\t<\/div>\n\t\t\t\t\t<\/div>\n\t\t<\/section>\n\t\t\t\t<section class=\"elementor-section elementor-top-section elementor-element elementor-element-25e07ea elementor-section-boxed elementor-section-height-default elementor-section-height-default\" data-id=\"25e07ea\" data-element_type=\"section\">\n\t\t\t\t\t\t<div class=\"elementor-container elementor-column-gap-default\">\n\t\t\t\t\t<div class=\"elementor-column elementor-col-100 elementor-top-column elementor-element elementor-element-a1827bc\" data-id=\"a1827bc\" data-element_type=\"column\">\n\t\t\t<div class=\"elementor-widget-wrap elementor-element-populated\">\n\t\t\t\t\t\t<div class=\"elementor-element elementor-element-2bac9d5 elementor-widget elementor-widget-spacer\" data-id=\"2bac9d5\" data-element_type=\"widget\" data-widget_type=\"spacer.default\">\n\t\t\t\t<div class=\"elementor-widget-container\">\n\t\t\t\t\t\t\t<div class=\"elementor-spacer\">\n\t\t\t<div class=\"elementor-spacer-inner\"><\/div>\n\t\t<\/div>\n\t\t\t\t\t\t<\/div>\n\t\t\t\t<\/div>\n\t\t\t\t\t<\/div>\n\t\t<\/div>\n\t\t\t\t\t<\/div>\n\t\t<\/section>\n\t\t\t\t<\/div>\n\t\t","protected":false},"excerpt":{"rendered":"<p>Consulta todas las marcas de hormigoneras que reparamos En Asturema nuestro equipo t\u00e9cnico es experto en reparaci\u00f3n de diferentes marcas. Estamos en continua formaci\u00f3n para poder ofrecer los mejores servicios. Contamos con un servicio de reparaci\u00f3n de centrales de hormigonado. &hellip; <a href=\"https:\/\/www.grupoasturemasl.com\/website\/hormigoneras\/\">Continuar<\/a><\/p>\n","protected":false},"author":2,"featured_media":0,"parent":0,"menu_order":0,"comment_status":"closed","ping_status":"closed","template":"","meta":{"kt_blocks_editor_width":"","footnotes":""},"class_list":["post-228","page","type-page","status-publish","hentry"],"yoast_head":"<!-- This site is optimized with the Yoast SEO plugin v24.8.1 - https:\/\/yoast.com\/wordpress\/plugins\/seo\/ -->\n<title>Marcas de Hormigoneras que reparamos | Grupo Asturema<\/title>\n<meta name=\"description\" content=\"Reparaci\u00f3n de hormigoneras. Grupo Asturema es un empresa dedicada a la reparaci\u00f3n de maquinaria el\u00e9ctrica, neum\u00e1tica, jardiner\u00eda, etc.\" \/>\n<meta name=\"robots\" content=\"index, follow, max-snippet:-1, max-image-preview:large, max-video-preview:-1\" \/>\n<link rel=\"canonical\" href=\"https:\/\/www.grupoasturemasl.com\/website\/hormigoneras\/\" \/>\n<meta property=\"og:locale\" content=\"es_ES\" \/>\n<meta property=\"og:type\" content=\"article\" \/>\n<meta property=\"og:title\" content=\"Marcas de Hormigoneras que reparamos | Grupo Asturema\" \/>\n<meta property=\"og:description\" content=\"Reparaci\u00f3n de hormigoneras. Grupo Asturema es un empresa dedicada a la reparaci\u00f3n de maquinaria el\u00e9ctrica, neum\u00e1tica, jardiner\u00eda, etc.\" \/>\n<meta property=\"og:url\" content=\"https:\/\/www.grupoasturemasl.com\/website\/hormigoneras\/\" \/>\n<meta property=\"og:site_name\" content=\"Grupo Asturema\" \/>\n<meta property=\"article:modified_time\" content=\"2021-02-16T18:35:12+00:00\" \/>\n<meta property=\"og:image\" content=\"https:\/\/www.grupoasturemasl.com\/website\/wp-content\/uploads\/2019\/11\/hormigoneras-1024x819.png\" \/>\n<meta name=\"twitter:card\" content=\"summary_large_image\" \/>\n<script type=\"application\/ld+json\" class=\"yoast-schema-graph\">{\"@context\":\"https:\/\/schema.org\",\"@graph\":[{\"@type\":\"WebPage\",\"@id\":\"https:\/\/www.grupoasturemasl.com\/website\/hormigoneras\/\",\"url\":\"https:\/\/www.grupoasturemasl.com\/website\/hormigoneras\/\",\"name\":\"Marcas de Hormigoneras que reparamos | Grupo Asturema\",\"isPartOf\":{\"@id\":\"https:\/\/www.grupoasturemasl.com\/website\/#website\"},\"primaryImageOfPage\":{\"@id\":\"https:\/\/www.grupoasturemasl.com\/website\/hormigoneras\/#primaryimage\"},\"image\":{\"@id\":\"https:\/\/www.grupoasturemasl.com\/website\/hormigoneras\/#primaryimage\"},\"thumbnailUrl\":\"https:\/\/www.grupoasturemasl.com\/website\/wp-content\/uploads\/2019\/11\/hormigoneras-1024x819.png\",\"datePublished\":\"2019-11-26T19:36:14+00:00\",\"dateModified\":\"2021-02-16T18:35:12+00:00\",\"description\":\"Reparaci\u00f3n de hormigoneras. Grupo Asturema es un empresa dedicada a la reparaci\u00f3n de maquinaria el\u00e9ctrica, neum\u00e1tica, jardiner\u00eda, etc.\",\"breadcrumb\":{\"@id\":\"https:\/\/www.grupoasturemasl.com\/website\/hormigoneras\/#breadcrumb\"},\"inLanguage\":\"es\",\"potentialAction\":[{\"@type\":\"ReadAction\",\"target\":[\"https:\/\/www.grupoasturemasl.com\/website\/hormigoneras\/\"]}]},{\"@type\":\"ImageObject\",\"inLanguage\":\"es\",\"@id\":\"https:\/\/www.grupoasturemasl.com\/website\/hormigoneras\/#primaryimage\",\"url\":\"https:\/\/www.grupoasturemasl.com\/website\/wp-content\/uploads\/2019\/11\/hormigoneras.png\",\"contentUrl\":\"https:\/\/www.grupoasturemasl.com\/website\/wp-content\/uploads\/2019\/11\/hormigoneras.png\",\"width\":2000,\"height\":1600,\"caption\":\"hormigonera logos\"},{\"@type\":\"BreadcrumbList\",\"@id\":\"https:\/\/www.grupoasturemasl.com\/website\/hormigoneras\/#breadcrumb\",\"itemListElement\":[{\"@type\":\"ListItem\",\"position\":1,\"name\":\"Inicio\",\"item\":\"https:\/\/www.grupoasturemasl.com\/website\/\"},{\"@type\":\"ListItem\",\"position\":2,\"name\":\"Hormigoneras\"}]},{\"@type\":\"WebSite\",\"@id\":\"https:\/\/www.grupoasturemasl.com\/website\/#website\",\"url\":\"https:\/\/www.grupoasturemasl.com\/website\/\",\"name\":\"Grupo Asturema\",\"description\":\"Reparaci\u00f3n de maquinaria\",\"publisher\":{\"@id\":\"https:\/\/www.grupoasturemasl.com\/website\/#organization\"},\"potentialAction\":[{\"@type\":\"SearchAction\",\"target\":{\"@type\":\"EntryPoint\",\"urlTemplate\":\"https:\/\/www.grupoasturemasl.com\/website\/?s={search_term_string}\"},\"query-input\":{\"@type\":\"PropertyValueSpecification\",\"valueRequired\":true,\"valueName\":\"search_term_string\"}}],\"inLanguage\":\"es\"},{\"@type\":\"Organization\",\"@id\":\"https:\/\/www.grupoasturemasl.com\/website\/#organization\",\"name\":\"Grupo Asturema SL\",\"url\":\"https:\/\/www.grupoasturemasl.com\/website\/\",\"logo\":{\"@type\":\"ImageObject\",\"inLanguage\":\"es\",\"@id\":\"https:\/\/www.grupoasturemasl.com\/website\/#\/schema\/logo\/image\/\",\"url\":\"https:\/\/www.grupoasturemasl.com\/website\/wp-content\/uploads\/2020\/01\/asturema_logo-e1580148930250.jpg\",\"contentUrl\":\"https:\/\/www.grupoasturemasl.com\/website\/wp-content\/uploads\/2020\/01\/asturema_logo-e1580148930250.jpg\",\"width\":250,\"height\":160,\"caption\":\"Grupo Asturema SL\"},\"image\":{\"@id\":\"https:\/\/www.grupoasturemasl.com\/website\/#\/schema\/logo\/image\/\"}}]}<\/script>\n<!-- \/ Yoast SEO plugin. -->","yoast_head_json":{"title":"Marcas de Hormigoneras que reparamos | Grupo Asturema","description":"Reparaci\u00f3n de hormigoneras. Grupo Asturema es un empresa dedicada a la reparaci\u00f3n de maquinaria el\u00e9ctrica, neum\u00e1tica, jardiner\u00eda, etc.","robots":{"index":"index","follow":"follow","max-snippet":"max-snippet:-1","max-image-preview":"max-image-preview:large","max-video-preview":"max-video-preview:-1"},"canonical":"https:\/\/www.grupoasturemasl.com\/website\/hormigoneras\/","og_locale":"es_ES","og_type":"article","og_title":"Marcas de Hormigoneras que reparamos | Grupo Asturema","og_description":"Reparaci\u00f3n de hormigoneras. Grupo Asturema es un empresa dedicada a la reparaci\u00f3n de maquinaria el\u00e9ctrica, neum\u00e1tica, jardiner\u00eda, etc.","og_url":"https:\/\/www.grupoasturemasl.com\/website\/hormigoneras\/","og_site_name":"Grupo Asturema","article_modified_time":"2021-02-16T18:35:12+00:00","og_image":[{"url":"https:\/\/www.grupoasturemasl.com\/website\/wp-content\/uploads\/2019\/11\/hormigoneras-1024x819.png","type":"","width":"","height":""}],"twitter_card":"summary_large_image","schema":{"@context":"https:\/\/schema.org","@graph":[{"@type":"WebPage","@id":"https:\/\/www.grupoasturemasl.com\/website\/hormigoneras\/","url":"https:\/\/www.grupoasturemasl.com\/website\/hormigoneras\/","name":"Marcas de Hormigoneras que reparamos | Grupo Asturema","isPartOf":{"@id":"https:\/\/www.grupoasturemasl.com\/website\/#website"},"primaryImageOfPage":{"@id":"https:\/\/www.grupoasturemasl.com\/website\/hormigoneras\/#primaryimage"},"image":{"@id":"https:\/\/www.grupoasturemasl.com\/website\/hormigoneras\/#primaryimage"},"thumbnailUrl":"https:\/\/www.grupoasturemasl.com\/website\/wp-content\/uploads\/2019\/11\/hormigoneras-1024x819.png","datePublished":"2019-11-26T19:36:14+00:00","dateModified":"2021-02-16T18:35:12+00:00","description":"Reparaci\u00f3n de hormigoneras. Grupo Asturema es un empresa dedicada a la reparaci\u00f3n de maquinaria el\u00e9ctrica, neum\u00e1tica, jardiner\u00eda, etc.","breadcrumb":{"@id":"https:\/\/www.grupoasturemasl.com\/website\/hormigoneras\/#breadcrumb"},"inLanguage":"es","potentialAction":[{"@type":"ReadAction","target":["https:\/\/www.grupoasturemasl.com\/website\/hormigoneras\/"]}]},{"@type":"ImageObject","inLanguage":"es","@id":"https:\/\/www.grupoasturemasl.com\/website\/hormigoneras\/#primaryimage","url":"https:\/\/www.grupoasturemasl.com\/website\/wp-content\/uploads\/2019\/11\/hormigoneras.png","contentUrl":"https:\/\/www.grupoasturemasl.com\/website\/wp-content\/uploads\/2019\/11\/hormigoneras.png","width":2000,"height":1600,"caption":"hormigonera logos"},{"@type":"BreadcrumbList","@id":"https:\/\/www.grupoasturemasl.com\/website\/hormigoneras\/#breadcrumb","itemListElement":[{"@type":"ListItem","position":1,"name":"Inicio","item":"https:\/\/www.grupoasturemasl.com\/website\/"},{"@type":"ListItem","position":2,"name":"Hormigoneras"}]},{"@type":"WebSite","@id":"https:\/\/www.grupoasturemasl.com\/website\/#website","url":"https:\/\/www.grupoasturemasl.com\/website\/","name":"Grupo Asturema","description":"Reparaci\u00f3n de maquinaria","publisher":{"@id":"https:\/\/www.grupoasturemasl.com\/website\/#organization"},"potentialAction":[{"@type":"SearchAction","target":{"@type":"EntryPoint","urlTemplate":"https:\/\/www.grupoasturemasl.com\/website\/?s={search_term_string}"},"query-input":{"@type":"PropertyValueSpecification","valueRequired":true,"valueName":"search_term_string"}}],"inLanguage":"es"},{"@type":"Organization","@id":"https:\/\/www.grupoasturemasl.com\/website\/#organization","name":"Grupo Asturema SL","url":"https:\/\/www.grupoasturemasl.com\/website\/","logo":{"@type":"ImageObject","inLanguage":"es","@id":"https:\/\/www.grupoasturemasl.com\/website\/#\/schema\/logo\/image\/","url":"https:\/\/www.grupoasturemasl.com\/website\/wp-content\/uploads\/2020\/01\/asturema_logo-e1580148930250.jpg","contentUrl":"https:\/\/www.grupoasturemasl.com\/website\/wp-content\/uploads\/2020\/01\/asturema_logo-e1580148930250.jpg","width":250,"height":160,"caption":"Grupo Asturema SL"},"image":{"@id":"https:\/\/www.grupoasturemasl.com\/website\/#\/schema\/logo\/image\/"}}]}},"_links":{"self":[{"href":"https:\/\/www.grupoasturemasl.com\/website\/wp-json\/wp\/v2\/pages\/228","targetHints":{"allow":["GET"]}}],"collection":[{"href":"https:\/\/www.grupoasturemasl.com\/website\/wp-json\/wp\/v2\/pages"}],"about":[{"href":"https:\/\/www.grupoasturemasl.com\/website\/wp-json\/wp\/v2\/types\/page"}],"author":[{"embeddable":true,"href":"https:\/\/www.grupoasturemasl.com\/website\/wp-json\/wp\/v2\/users\/2"}],"replies":[{"embeddable":true,"href":"https:\/\/www.grupoasturemasl.com\/website\/wp-json\/wp\/v2\/comments?post=228"}],"version-history":[{"count":15,"href":"https:\/\/www.grupoasturemasl.com\/website\/wp-json\/wp\/v2\/pages\/228\/revisions"}],"predecessor-version":[{"id":508,"href":"https:\/\/www.grupoasturemasl.com\/website\/wp-json\/wp\/v2\/pages\/228\/revisions\/508"}],"wp:attachment":[{"href":"https:\/\/www.grupoasturemasl.com\/website\/wp-json\/wp\/v2\/media?parent=228"}],"curies":[{"name":"wp","href":"https:\/\/api.w.org\/{rel}","templated":true}]}}