{"id":113,"date":"2019-11-20T18:58:59","date_gmt":"2019-11-20T17:58:59","guid":{"rendered":"https:\/\/www.grupoasturemasl.com\/website\/?page_id=113"},"modified":"2021-02-16T19:33:22","modified_gmt":"2021-02-16T18:33:22","slug":"hidrolavadoras","status":"publish","type":"page","link":"https:\/\/www.grupoasturemasl.com\/website\/hidrolavadoras\/","title":{"rendered":"Hidrolavadoras"},"content":{"rendered":"\t\t<div data-elementor-type=\"wp-page\" data-elementor-id=\"113\" class=\"elementor elementor-113\">\n\t\t\t\t\t\t<section class=\"elementor-section elementor-top-section elementor-element elementor-element-1f1d0eb elementor-section-boxed elementor-section-height-default elementor-section-height-default\" data-id=\"1f1d0eb\" data-element_type=\"section\">\n\t\t\t\t\t\t<div class=\"elementor-container elementor-column-gap-default\">\n\t\t\t\t\t<div class=\"elementor-column elementor-col-66 elementor-top-column elementor-element elementor-element-465b2e9\" data-id=\"465b2e9\" data-element_type=\"column\">\n\t\t\t<div class=\"elementor-widget-wrap elementor-element-populated\">\n\t\t\t\t\t\t<div class=\"elementor-element elementor-element-ad9d536 elementor-widget elementor-widget-image\" data-id=\"ad9d536\" data-element_type=\"widget\" data-widget_type=\"image.default\">\n\t\t\t\t<div class=\"elementor-widget-container\">\n\t\t\t\t\t\t\t\t\t\t\t\t\t\t\t<img fetchpriority=\"high\" decoding=\"async\" width=\"1024\" height=\"819\" src=\"https:\/\/www.grupoasturemasl.com\/website\/wp-content\/uploads\/2020\/02\/hidrolavadoras-1024x819.png\" class=\"attachment-large size-large wp-image-401\" alt=\"hidrolavadora logos\" srcset=\"https:\/\/www.grupoasturemasl.com\/website\/wp-content\/uploads\/2020\/02\/hidrolavadoras-1024x819.png 1024w, https:\/\/www.grupoasturemasl.com\/website\/wp-content\/uploads\/2020\/02\/hidrolavadoras-300x240.png 300w, https:\/\/www.grupoasturemasl.com\/website\/wp-content\/uploads\/2020\/02\/hidrolavadoras-768x614.png 768w, https:\/\/www.grupoasturemasl.com\/website\/wp-content\/uploads\/2020\/02\/hidrolavadoras-1536x1229.png 1536w, https:\/\/www.grupoasturemasl.com\/website\/wp-content\/uploads\/2020\/02\/hidrolavadoras.png 2000w\" sizes=\"(max-width: 1024px) 100vw, 1024px\" \/>\t\t\t\t\t\t\t\t\t\t\t\t\t\t\t<\/div>\n\t\t\t\t<\/div>\n\t\t\t\t\t<\/div>\n\t\t<\/div>\n\t\t\t\t<div class=\"elementor-column elementor-col-33 elementor-top-column elementor-element elementor-element-0103abf\" data-id=\"0103abf\" data-element_type=\"column\">\n\t\t\t<div class=\"elementor-widget-wrap elementor-element-populated\">\n\t\t\t\t\t\t<div class=\"elementor-element elementor-element-4b7cf06 elementor-view-default elementor-widget elementor-widget-icon\" data-id=\"4b7cf06\" data-element_type=\"widget\" data-widget_type=\"icon.default\">\n\t\t\t\t<div class=\"elementor-widget-container\">\n\t\t\t\t\t\t\t<div class=\"elementor-icon-wrapper\">\n\t\t\t<a class=\"elementor-icon\" href=\"https:\/\/www.grupoasturemasl.com\/website\/\">\n\t\t\t<i aria-hidden=\"true\" class=\"fas fa-angle-double-left\"><\/i>\t\t\t<\/a>\n\t\t<\/div>\n\t\t\t\t\t\t<\/div>\n\t\t\t\t<\/div>\n\t\t\t\t<div class=\"elementor-element elementor-element-e6a6cd3 elementor-widget elementor-widget-heading\" data-id=\"e6a6cd3\" data-element_type=\"widget\" data-widget_type=\"heading.default\">\n\t\t\t\t<div class=\"elementor-widget-container\">\n\t\t\t\t\t<h2 class=\"elementor-heading-title elementor-size-large\">Consulta todas las marcas de hidrolavadoras que reparamos<\/h2>\t\t\t\t<\/div>\n\t\t\t\t<\/div>\n\t\t\t\t<div class=\"elementor-element elementor-element-94702d8 elementor-align-left elementor-icon-list--layout-traditional elementor-list-item-link-full_width elementor-widget elementor-widget-icon-list\" data-id=\"94702d8\" data-element_type=\"widget\" data-widget_type=\"icon-list.default\">\n\t\t\t\t<div class=\"elementor-widget-container\">\n\t\t\t\t\t\t\t<ul class=\"elementor-icon-list-items\">\n\t\t\t\t\t\t\t<li class=\"elementor-icon-list-item\">\n\t\t\t\t\t\t\t\t\t\t\t<span class=\"elementor-icon-list-icon\">\n\t\t\t\t\t\t\t<i aria-hidden=\"true\" class=\"fas fa-chevron-right\"><\/i>\t\t\t\t\t\t<\/span>\n\t\t\t\t\t\t\t\t\t\t<span class=\"elementor-icon-list-text\">En Asturema nuestro equipo t\u00e9cnico es experto en reparaci\u00f3n de diferentes marcas.<\/span>\n\t\t\t\t\t\t\t\t\t<\/li>\n\t\t\t\t\t\t\t\t<li class=\"elementor-icon-list-item\">\n\t\t\t\t\t\t\t\t\t\t\t<span class=\"elementor-icon-list-icon\">\n\t\t\t\t\t\t\t<i aria-hidden=\"true\" class=\"fas fa-chevron-right\"><\/i>\t\t\t\t\t\t<\/span>\n\t\t\t\t\t\t\t\t\t\t<span class=\"elementor-icon-list-text\">Estamos en continua formaci\u00f3n para poder ofrecer los mejores servicios.<\/span>\n\t\t\t\t\t\t\t\t\t<\/li>\n\t\t\t\t\t\t\t\t<li class=\"elementor-icon-list-item\">\n\t\t\t\t\t\t\t\t\t\t\t<span class=\"elementor-icon-list-icon\">\n\t\t\t\t\t\t\t<i aria-hidden=\"true\" class=\"fas fa-chevron-right\"><\/i>\t\t\t\t\t\t<\/span>\n\t\t\t\t\t\t\t\t\t\t<span class=\"elementor-icon-list-text\">Contamos con un servicio de recogida en talleres. Cons\u00faltanos para saber m\u00e1s.<\/span>\n\t\t\t\t\t\t\t\t\t<\/li>\n\t\t\t\t\t\t<\/ul>\n\t\t\t\t\t\t<\/div>\n\t\t\t\t<\/div>\n\t\t\t\t<div class=\"elementor-element elementor-element-ca2c508 elementor-widget elementor-widget-spacer\" data-id=\"ca2c508\" data-element_type=\"widget\" data-widget_type=\"spacer.default\">\n\t\t\t\t<div class=\"elementor-widget-container\">\n\t\t\t\t\t\t\t<div class=\"elementor-spacer\">\n\t\t\t<div class=\"elementor-spacer-inner\"><\/div>\n\t\t<\/div>\n\t\t\t\t\t\t<\/div>\n\t\t\t\t<\/div>\n\t\t\t\t<div class=\"elementor-element elementor-element-749153a elementor-align-center elementor-widget elementor-widget-button\" data-id=\"749153a\" data-element_type=\"widget\" data-widget_type=\"button.default\">\n\t\t\t\t<div class=\"elementor-widget-container\">\n\t\t\t\t\t\t\t\t\t<div class=\"elementor-button-wrapper\">\n\t\t\t\t\t<a class=\"elementor-button elementor-button-link elementor-size-md\" href=\"https:\/\/www.grupoasturemasl.com\/website\/contacto\/\">\n\t\t\t\t\t\t<span class=\"elementor-button-content-wrapper\">\n\t\t\t\t\t\t\t\t\t<span class=\"elementor-button-text\">Cont\u00e1ctanos<\/span>\n\t\t\t\t\t<\/span>\n\t\t\t\t\t<\/a>\n\t\t\t\t<\/div>\n\t\t\t\t\t\t\t\t<\/div>\n\t\t\t\t<\/div>\n\t\t\t\t\t<\/div>\n\t\t<\/div>\n\t\t\t\t\t<\/div>\n\t\t<\/section>\n\t\t\t\t<section class=\"elementor-section elementor-top-section elementor-element elementor-element-5924739 elementor-section-boxed elementor-section-height-default elementor-section-height-default\" data-id=\"5924739\" data-element_type=\"section\">\n\t\t\t\t\t\t<div class=\"elementor-container elementor-column-gap-default\">\n\t\t\t\t\t<div class=\"elementor-column elementor-col-100 elementor-top-column elementor-element elementor-element-9cec46f\" data-id=\"9cec46f\" data-element_type=\"column\">\n\t\t\t<div class=\"elementor-widget-wrap elementor-element-populated\">\n\t\t\t\t\t\t<div class=\"elementor-element elementor-element-2e1ec7d elementor-widget elementor-widget-spacer\" data-id=\"2e1ec7d\" data-element_type=\"widget\" data-widget_type=\"spacer.default\">\n\t\t\t\t<div class=\"elementor-widget-container\">\n\t\t\t\t\t\t\t<div class=\"elementor-spacer\">\n\t\t\t<div class=\"elementor-spacer-inner\"><\/div>\n\t\t<\/div>\n\t\t\t\t\t\t<\/div>\n\t\t\t\t<\/div>\n\t\t\t\t\t<\/div>\n\t\t<\/div>\n\t\t\t\t\t<\/div>\n\t\t<\/section>\n\t\t\t\t<\/div>\n\t\t","protected":false},"excerpt":{"rendered":"<p>Consulta todas las marcas de hidrolavadoras que reparamos En Asturema nuestro equipo t\u00e9cnico es experto en reparaci\u00f3n de diferentes marcas. Estamos en continua formaci\u00f3n para poder ofrecer los mejores servicios. Contamos con un servicio de recogida en talleres. Cons\u00faltanos para &hellip; <a href=\"https:\/\/www.grupoasturemasl.com\/website\/hidrolavadoras\/\">Continuar<\/a><\/p>\n","protected":false},"author":2,"featured_media":0,"parent":0,"menu_order":0,"comment_status":"closed","ping_status":"closed","template":"","meta":{"kt_blocks_editor_width":"","footnotes":""},"class_list":["post-113","page","type-page","status-publish","hentry"],"yoast_head":"<!-- This site is optimized with the Yoast SEO plugin v24.8.1 - https:\/\/yoast.com\/wordpress\/plugins\/seo\/ -->\n<title>Cons\u00falta que Hidrolavadoras reparamos | Grupo Asturema<\/title>\n<meta name=\"description\" content=\"Reparaci\u00f3n de hidrolavadoras. Grupo Asturema es un empresa dedicada a la reparaci\u00f3n de maquinaria el\u00e9ctrica, neum\u00e1tica, jardiner\u00eda, etc.\" \/>\n<meta name=\"robots\" content=\"index, follow, max-snippet:-1, max-image-preview:large, max-video-preview:-1\" \/>\n<link rel=\"canonical\" href=\"https:\/\/www.grupoasturemasl.com\/website\/hidrolavadoras\/\" \/>\n<meta property=\"og:locale\" content=\"es_ES\" \/>\n<meta property=\"og:type\" content=\"article\" \/>\n<meta property=\"og:title\" content=\"Cons\u00falta que Hidrolavadoras reparamos | Grupo Asturema\" \/>\n<meta property=\"og:description\" content=\"Reparaci\u00f3n de hidrolavadoras. Grupo Asturema es un empresa dedicada a la reparaci\u00f3n de maquinaria el\u00e9ctrica, neum\u00e1tica, jardiner\u00eda, etc.\" \/>\n<meta property=\"og:url\" content=\"https:\/\/www.grupoasturemasl.com\/website\/hidrolavadoras\/\" \/>\n<meta property=\"og:site_name\" content=\"Grupo Asturema\" \/>\n<meta property=\"article:modified_time\" content=\"2021-02-16T18:33:22+00:00\" \/>\n<meta property=\"og:image\" content=\"https:\/\/www.grupoasturemasl.com\/website\/wp-content\/uploads\/2020\/02\/hidrolavadoras-1024x819.png\" \/>\n<meta name=\"twitter:card\" content=\"summary_large_image\" \/>\n<script type=\"application\/ld+json\" class=\"yoast-schema-graph\">{\"@context\":\"https:\/\/schema.org\",\"@graph\":[{\"@type\":\"WebPage\",\"@id\":\"https:\/\/www.grupoasturemasl.com\/website\/hidrolavadoras\/\",\"url\":\"https:\/\/www.grupoasturemasl.com\/website\/hidrolavadoras\/\",\"name\":\"Cons\u00falta que Hidrolavadoras reparamos | Grupo Asturema\",\"isPartOf\":{\"@id\":\"https:\/\/www.grupoasturemasl.com\/website\/#website\"},\"primaryImageOfPage\":{\"@id\":\"https:\/\/www.grupoasturemasl.com\/website\/hidrolavadoras\/#primaryimage\"},\"image\":{\"@id\":\"https:\/\/www.grupoasturemasl.com\/website\/hidrolavadoras\/#primaryimage\"},\"thumbnailUrl\":\"https:\/\/www.grupoasturemasl.com\/website\/wp-content\/uploads\/2020\/02\/hidrolavadoras-1024x819.png\",\"datePublished\":\"2019-11-20T17:58:59+00:00\",\"dateModified\":\"2021-02-16T18:33:22+00:00\",\"description\":\"Reparaci\u00f3n de hidrolavadoras. Grupo Asturema es un empresa dedicada a la reparaci\u00f3n de maquinaria el\u00e9ctrica, neum\u00e1tica, jardiner\u00eda, etc.\",\"breadcrumb\":{\"@id\":\"https:\/\/www.grupoasturemasl.com\/website\/hidrolavadoras\/#breadcrumb\"},\"inLanguage\":\"es\",\"potentialAction\":[{\"@type\":\"ReadAction\",\"target\":[\"https:\/\/www.grupoasturemasl.com\/website\/hidrolavadoras\/\"]}]},{\"@type\":\"ImageObject\",\"inLanguage\":\"es\",\"@id\":\"https:\/\/www.grupoasturemasl.com\/website\/hidrolavadoras\/#primaryimage\",\"url\":\"https:\/\/www.grupoasturemasl.com\/website\/wp-content\/uploads\/2020\/02\/hidrolavadoras.png\",\"contentUrl\":\"https:\/\/www.grupoasturemasl.com\/website\/wp-content\/uploads\/2020\/02\/hidrolavadoras.png\",\"width\":2000,\"height\":1600,\"caption\":\"hidrolavadora logos\"},{\"@type\":\"BreadcrumbList\",\"@id\":\"https:\/\/www.grupoasturemasl.com\/website\/hidrolavadoras\/#breadcrumb\",\"itemListElement\":[{\"@type\":\"ListItem\",\"position\":1,\"name\":\"Inicio\",\"item\":\"https:\/\/www.grupoasturemasl.com\/website\/\"},{\"@type\":\"ListItem\",\"position\":2,\"name\":\"Hidrolavadoras\"}]},{\"@type\":\"WebSite\",\"@id\":\"https:\/\/www.grupoasturemasl.com\/website\/#website\",\"url\":\"https:\/\/www.grupoasturemasl.com\/website\/\",\"name\":\"Grupo Asturema\",\"description\":\"Reparaci\u00f3n de maquinaria\",\"publisher\":{\"@id\":\"https:\/\/www.grupoasturemasl.com\/website\/#organization\"},\"potentialAction\":[{\"@type\":\"SearchAction\",\"target\":{\"@type\":\"EntryPoint\",\"urlTemplate\":\"https:\/\/www.grupoasturemasl.com\/website\/?s={search_term_string}\"},\"query-input\":{\"@type\":\"PropertyValueSpecification\",\"valueRequired\":true,\"valueName\":\"search_term_string\"}}],\"inLanguage\":\"es\"},{\"@type\":\"Organization\",\"@id\":\"https:\/\/www.grupoasturemasl.com\/website\/#organization\",\"name\":\"Grupo Asturema SL\",\"url\":\"https:\/\/www.grupoasturemasl.com\/website\/\",\"logo\":{\"@type\":\"ImageObject\",\"inLanguage\":\"es\",\"@id\":\"https:\/\/www.grupoasturemasl.com\/website\/#\/schema\/logo\/image\/\",\"url\":\"https:\/\/www.grupoasturemasl.com\/website\/wp-content\/uploads\/2020\/01\/asturema_logo-e1580148930250.jpg\",\"contentUrl\":\"https:\/\/www.grupoasturemasl.com\/website\/wp-content\/uploads\/2020\/01\/asturema_logo-e1580148930250.jpg\",\"width\":250,\"height\":160,\"caption\":\"Grupo Asturema SL\"},\"image\":{\"@id\":\"https:\/\/www.grupoasturemasl.com\/website\/#\/schema\/logo\/image\/\"}}]}<\/script>\n<!-- \/ Yoast SEO plugin. -->","yoast_head_json":{"title":"Cons\u00falta que Hidrolavadoras reparamos | Grupo Asturema","description":"Reparaci\u00f3n de hidrolavadoras. Grupo Asturema es un empresa dedicada a la reparaci\u00f3n de maquinaria el\u00e9ctrica, neum\u00e1tica, jardiner\u00eda, etc.","robots":{"index":"index","follow":"follow","max-snippet":"max-snippet:-1","max-image-preview":"max-image-preview:large","max-video-preview":"max-video-preview:-1"},"canonical":"https:\/\/www.grupoasturemasl.com\/website\/hidrolavadoras\/","og_locale":"es_ES","og_type":"article","og_title":"Cons\u00falta que Hidrolavadoras reparamos | Grupo Asturema","og_description":"Reparaci\u00f3n de hidrolavadoras. Grupo Asturema es un empresa dedicada a la reparaci\u00f3n de maquinaria el\u00e9ctrica, neum\u00e1tica, jardiner\u00eda, etc.","og_url":"https:\/\/www.grupoasturemasl.com\/website\/hidrolavadoras\/","og_site_name":"Grupo Asturema","article_modified_time":"2021-02-16T18:33:22+00:00","og_image":[{"url":"https:\/\/www.grupoasturemasl.com\/website\/wp-content\/uploads\/2020\/02\/hidrolavadoras-1024x819.png","type":"","width":"","height":""}],"twitter_card":"summary_large_image","schema":{"@context":"https:\/\/schema.org","@graph":[{"@type":"WebPage","@id":"https:\/\/www.grupoasturemasl.com\/website\/hidrolavadoras\/","url":"https:\/\/www.grupoasturemasl.com\/website\/hidrolavadoras\/","name":"Cons\u00falta que Hidrolavadoras reparamos | Grupo Asturema","isPartOf":{"@id":"https:\/\/www.grupoasturemasl.com\/website\/#website"},"primaryImageOfPage":{"@id":"https:\/\/www.grupoasturemasl.com\/website\/hidrolavadoras\/#primaryimage"},"image":{"@id":"https:\/\/www.grupoasturemasl.com\/website\/hidrolavadoras\/#primaryimage"},"thumbnailUrl":"https:\/\/www.grupoasturemasl.com\/website\/wp-content\/uploads\/2020\/02\/hidrolavadoras-1024x819.png","datePublished":"2019-11-20T17:58:59+00:00","dateModified":"2021-02-16T18:33:22+00:00","description":"Reparaci\u00f3n de hidrolavadoras. Grupo Asturema es un empresa dedicada a la reparaci\u00f3n de maquinaria el\u00e9ctrica, neum\u00e1tica, jardiner\u00eda, etc.","breadcrumb":{"@id":"https:\/\/www.grupoasturemasl.com\/website\/hidrolavadoras\/#breadcrumb"},"inLanguage":"es","potentialAction":[{"@type":"ReadAction","target":["https:\/\/www.grupoasturemasl.com\/website\/hidrolavadoras\/"]}]},{"@type":"ImageObject","inLanguage":"es","@id":"https:\/\/www.grupoasturemasl.com\/website\/hidrolavadoras\/#primaryimage","url":"https:\/\/www.grupoasturemasl.com\/website\/wp-content\/uploads\/2020\/02\/hidrolavadoras.png","contentUrl":"https:\/\/www.grupoasturemasl.com\/website\/wp-content\/uploads\/2020\/02\/hidrolavadoras.png","width":2000,"height":1600,"caption":"hidrolavadora logos"},{"@type":"BreadcrumbList","@id":"https:\/\/www.grupoasturemasl.com\/website\/hidrolavadoras\/#breadcrumb","itemListElement":[{"@type":"ListItem","position":1,"name":"Inicio","item":"https:\/\/www.grupoasturemasl.com\/website\/"},{"@type":"ListItem","position":2,"name":"Hidrolavadoras"}]},{"@type":"WebSite","@id":"https:\/\/www.grupoasturemasl.com\/website\/#website","url":"https:\/\/www.grupoasturemasl.com\/website\/","name":"Grupo Asturema","description":"Reparaci\u00f3n de maquinaria","publisher":{"@id":"https:\/\/www.grupoasturemasl.com\/website\/#organization"},"potentialAction":[{"@type":"SearchAction","target":{"@type":"EntryPoint","urlTemplate":"https:\/\/www.grupoasturemasl.com\/website\/?s={search_term_string}"},"query-input":{"@type":"PropertyValueSpecification","valueRequired":true,"valueName":"search_term_string"}}],"inLanguage":"es"},{"@type":"Organization","@id":"https:\/\/www.grupoasturemasl.com\/website\/#organization","name":"Grupo Asturema SL","url":"https:\/\/www.grupoasturemasl.com\/website\/","logo":{"@type":"ImageObject","inLanguage":"es","@id":"https:\/\/www.grupoasturemasl.com\/website\/#\/schema\/logo\/image\/","url":"https:\/\/www.grupoasturemasl.com\/website\/wp-content\/uploads\/2020\/01\/asturema_logo-e1580148930250.jpg","contentUrl":"https:\/\/www.grupoasturemasl.com\/website\/wp-content\/uploads\/2020\/01\/asturema_logo-e1580148930250.jpg","width":250,"height":160,"caption":"Grupo Asturema SL"},"image":{"@id":"https:\/\/www.grupoasturemasl.com\/website\/#\/schema\/logo\/image\/"}}]}},"_links":{"self":[{"href":"https:\/\/www.grupoasturemasl.com\/website\/wp-json\/wp\/v2\/pages\/113","targetHints":{"allow":["GET"]}}],"collection":[{"href":"https:\/\/www.grupoasturemasl.com\/website\/wp-json\/wp\/v2\/pages"}],"about":[{"href":"https:\/\/www.grupoasturemasl.com\/website\/wp-json\/wp\/v2\/types\/page"}],"author":[{"embeddable":true,"href":"https:\/\/www.grupoasturemasl.com\/website\/wp-json\/wp\/v2\/users\/2"}],"replies":[{"embeddable":true,"href":"https:\/\/www.grupoasturemasl.com\/website\/wp-json\/wp\/v2\/comments?post=113"}],"version-history":[{"count":23,"href":"https:\/\/www.grupoasturemasl.com\/website\/wp-json\/wp\/v2\/pages\/113\/revisions"}],"predecessor-version":[{"id":487,"href":"https:\/\/www.grupoasturemasl.com\/website\/wp-json\/wp\/v2\/pages\/113\/revisions\/487"}],"wp:attachment":[{"href":"https:\/\/www.grupoasturemasl.com\/website\/wp-json\/wp\/v2\/media?parent=113"}],"curies":[{"name":"wp","href":"https:\/\/api.w.org\/{rel}","templated":true}]}}