{"id":11,"date":"2019-11-04T18:17:46","date_gmt":"2019-11-04T17:17:46","guid":{"rendered":"https:\/\/www.grupoasturemasl.com\/website\/?page_id=11"},"modified":"2021-02-16T18:41:24","modified_gmt":"2021-02-16T17:41:24","slug":"contacto","status":"publish","type":"page","link":"https:\/\/www.grupoasturemasl.com\/website\/contacto\/","title":{"rendered":"Contacto"},"content":{"rendered":"\t\t<div data-elementor-type=\"wp-page\" data-elementor-id=\"11\" class=\"elementor elementor-11\">\n\t\t\t\t\t\t<section class=\"elementor-section elementor-top-section elementor-element elementor-element-2fa6214 elementor-section-boxed elementor-section-height-default elementor-section-height-default\" data-id=\"2fa6214\" data-element_type=\"section\">\n\t\t\t\t\t\t<div class=\"elementor-container elementor-column-gap-default\">\n\t\t\t\t\t<div class=\"elementor-column elementor-col-100 elementor-top-column elementor-element elementor-element-2cdce90\" data-id=\"2cdce90\" data-element_type=\"column\">\n\t\t\t<div class=\"elementor-widget-wrap elementor-element-populated\">\n\t\t\t\t\t\t<div class=\"elementor-element elementor-element-cf3a6f9 elementor-widget elementor-widget-spacer\" data-id=\"cf3a6f9\" data-element_type=\"widget\" data-widget_type=\"spacer.default\">\n\t\t\t\t<div class=\"elementor-widget-container\">\n\t\t\t\t\t\t\t<div class=\"elementor-spacer\">\n\t\t\t<div class=\"elementor-spacer-inner\"><\/div>\n\t\t<\/div>\n\t\t\t\t\t\t<\/div>\n\t\t\t\t<\/div>\n\t\t\t\t\t<\/div>\n\t\t<\/div>\n\t\t\t\t\t<\/div>\n\t\t<\/section>\n\t\t\t\t<section class=\"elementor-section elementor-top-section elementor-element elementor-element-f38e842 elementor-section-boxed elementor-section-height-default elementor-section-height-default\" data-id=\"f38e842\" data-element_type=\"section\">\n\t\t\t\t\t\t<div class=\"elementor-container elementor-column-gap-default\">\n\t\t\t\t\t<div class=\"elementor-column elementor-col-50 elementor-top-column elementor-element elementor-element-05636f3\" data-id=\"05636f3\" data-element_type=\"column\">\n\t\t\t<div class=\"elementor-widget-wrap elementor-element-populated\">\n\t\t\t\t\t\t<div class=\"elementor-element elementor-element-e2bdaf2 elementor-widget elementor-widget-heading\" data-id=\"e2bdaf2\" data-element_type=\"widget\" data-widget_type=\"heading.default\">\n\t\t\t\t<div class=\"elementor-widget-container\">\n\t\t\t\t\t<h2 class=\"elementor-heading-title elementor-size-default\">\u00bfTE GUSTAR\u00cdA SABER M\u00c1S?<\/h2>\t\t\t\t<\/div>\n\t\t\t\t<\/div>\n\t\t\t\t\t<\/div>\n\t\t<\/div>\n\t\t\t\t<div class=\"elementor-column elementor-col-50 elementor-top-column elementor-element elementor-element-7735590\" data-id=\"7735590\" data-element_type=\"column\">\n\t\t\t<div class=\"elementor-widget-wrap\">\n\t\t\t\t\t\t\t<\/div>\n\t\t<\/div>\n\t\t\t\t\t<\/div>\n\t\t<\/section>\n\t\t\t\t<section class=\"elementor-section elementor-top-section elementor-element elementor-element-2f68eaa elementor-section-boxed elementor-section-height-default elementor-section-height-default\" data-id=\"2f68eaa\" data-element_type=\"section\">\n\t\t\t\t\t\t<div class=\"elementor-container elementor-column-gap-default\">\n\t\t\t\t\t<div class=\"elementor-column elementor-col-100 elementor-top-column elementor-element elementor-element-35966eb\" data-id=\"35966eb\" data-element_type=\"column\">\n\t\t\t<div class=\"elementor-widget-wrap elementor-element-populated\">\n\t\t\t\t\t\t<div class=\"elementor-element elementor-element-cfd4c9a elementor-widget elementor-widget-spacer\" data-id=\"cfd4c9a\" data-element_type=\"widget\" data-widget_type=\"spacer.default\">\n\t\t\t\t<div class=\"elementor-widget-container\">\n\t\t\t\t\t\t\t<div class=\"elementor-spacer\">\n\t\t\t<div class=\"elementor-spacer-inner\"><\/div>\n\t\t<\/div>\n\t\t\t\t\t\t<\/div>\n\t\t\t\t<\/div>\n\t\t\t\t\t<\/div>\n\t\t<\/div>\n\t\t\t\t\t<\/div>\n\t\t<\/section>\n\t\t\t\t<section class=\"elementor-section elementor-top-section elementor-element elementor-element-e4887b8 elementor-section-boxed elementor-section-height-default elementor-section-height-default\" data-id=\"e4887b8\" data-element_type=\"section\">\n\t\t\t\t\t\t<div class=\"elementor-container elementor-column-gap-default\">\n\t\t\t\t\t<div class=\"elementor-column elementor-col-25 elementor-top-column elementor-element elementor-element-ff2c484\" data-id=\"ff2c484\" data-element_type=\"column\">\n\t\t\t<div class=\"elementor-widget-wrap\">\n\t\t\t\t\t\t\t<\/div>\n\t\t<\/div>\n\t\t\t\t<div class=\"elementor-column elementor-col-25 elementor-top-column elementor-element elementor-element-8d2aab2\" data-id=\"8d2aab2\" data-element_type=\"column\">\n\t\t\t<div class=\"elementor-widget-wrap elementor-element-populated\">\n\t\t\t\t\t\t<div class=\"elementor-element elementor-element-fa99002 elementor-widget elementor-widget-text-editor\" data-id=\"fa99002\" data-element_type=\"widget\" data-widget_type=\"text-editor.default\">\n\t\t\t\t<div class=\"elementor-widget-container\">\n\t\t\t\t\t\t\t\t\t<p>Si est\u00e1s en Asturias, puedes venir a visitarnos:<\/p>\t\t\t\t\t\t\t\t<\/div>\n\t\t\t\t<\/div>\n\t\t\t\t<div class=\"elementor-element elementor-element-7e59318 elementor-widget elementor-widget-text-editor\" data-id=\"7e59318\" data-element_type=\"widget\" data-widget_type=\"text-editor.default\">\n\t\t\t\t<div class=\"elementor-widget-container\">\n\t\t\t\t\t\t\t\t\t<p>Calle Juan Valera, 5 Nave<\/p><p>33012 &#8211; Oviedo<\/p>\t\t\t\t\t\t\t\t<\/div>\n\t\t\t\t<\/div>\n\t\t\t\t\t<\/div>\n\t\t<\/div>\n\t\t\t\t<div class=\"elementor-column elementor-col-25 elementor-top-column elementor-element elementor-element-278f36a\" data-id=\"278f36a\" data-element_type=\"column\">\n\t\t\t<div class=\"elementor-widget-wrap elementor-element-populated\">\n\t\t\t\t\t\t<div class=\"elementor-element elementor-element-44e6773 elementor-widget elementor-widget-text-editor\" data-id=\"44e6773\" data-element_type=\"widget\" data-widget_type=\"text-editor.default\">\n\t\t\t\t<div class=\"elementor-widget-container\">\n\t\t\t\t\t\t\t\t\t<p>Horario de Lunes a Viernes:<\/p><p>9:00 a 13:30 y 15:30 a 19:00<\/p>\t\t\t\t\t\t\t\t<\/div>\n\t\t\t\t<\/div>\n\t\t\t\t<div class=\"elementor-element elementor-element-f560de1 elementor-widget elementor-widget-text-editor\" data-id=\"f560de1\" data-element_type=\"widget\" data-widget_type=\"text-editor.default\">\n\t\t\t\t<div class=\"elementor-widget-container\">\n\t\t\t\t\t\t\t\t\t<p>Tel\u00e9fono:<\/p><p>985 11 78 49<\/p>\t\t\t\t\t\t\t\t<\/div>\n\t\t\t\t<\/div>\n\t\t\t\t<div class=\"elementor-element elementor-element-8355706 elementor-invisible elementor-widget elementor-widget-text-editor\" data-id=\"8355706\" data-element_type=\"widget\" data-settings=\"{&quot;_animation&quot;:&quot;zoomIn&quot;}\" data-widget_type=\"text-editor.default\">\n\t\t\t\t<div class=\"elementor-widget-container\">\n\t\t\t\t\t\t\t\t\t<p>info@grupoasturemasl.com<\/p>\t\t\t\t\t\t\t\t<\/div>\n\t\t\t\t<\/div>\n\t\t\t\t\t<\/div>\n\t\t<\/div>\n\t\t\t\t<div class=\"elementor-column elementor-col-25 elementor-top-column elementor-element elementor-element-fca2e0a\" data-id=\"fca2e0a\" data-element_type=\"column\">\n\t\t\t<div class=\"elementor-widget-wrap\">\n\t\t\t\t\t\t\t<\/div>\n\t\t<\/div>\n\t\t\t\t\t<\/div>\n\t\t<\/section>\n\t\t\t\t<section class=\"elementor-section elementor-top-section elementor-element elementor-element-38b4715 elementor-section-boxed elementor-section-height-default elementor-section-height-default\" data-id=\"38b4715\" data-element_type=\"section\">\n\t\t\t\t\t\t<div class=\"elementor-container elementor-column-gap-default\">\n\t\t\t\t\t<div class=\"elementor-column elementor-col-100 elementor-top-column elementor-element elementor-element-b8c7286\" data-id=\"b8c7286\" data-element_type=\"column\">\n\t\t\t<div class=\"elementor-widget-wrap elementor-element-populated\">\n\t\t\t\t\t\t<div class=\"elementor-element elementor-element-fbf82ef elementor-widget elementor-widget-spacer\" data-id=\"fbf82ef\" data-element_type=\"widget\" data-widget_type=\"spacer.default\">\n\t\t\t\t<div class=\"elementor-widget-container\">\n\t\t\t\t\t\t\t<div class=\"elementor-spacer\">\n\t\t\t<div class=\"elementor-spacer-inner\"><\/div>\n\t\t<\/div>\n\t\t\t\t\t\t<\/div>\n\t\t\t\t<\/div>\n\t\t\t\t\t<\/div>\n\t\t<\/div>\n\t\t\t\t\t<\/div>\n\t\t<\/section>\n\t\t\t\t<section class=\"elementor-section elementor-top-section elementor-element elementor-element-4004b99 elementor-section-content-middle elementor-section-boxed elementor-section-height-default elementor-section-height-default\" data-id=\"4004b99\" data-element_type=\"section\">\n\t\t\t\t\t\t<div class=\"elementor-container elementor-column-gap-default\">\n\t\t\t\t\t<div class=\"elementor-column elementor-col-33 elementor-top-column elementor-element elementor-element-8697995\" data-id=\"8697995\" data-element_type=\"column\">\n\t\t\t<div class=\"elementor-widget-wrap\">\n\t\t\t\t\t\t\t<\/div>\n\t\t<\/div>\n\t\t\t\t<div class=\"elementor-column elementor-col-66 elementor-top-column elementor-element elementor-element-0d82e88\" data-id=\"0d82e88\" data-element_type=\"column\">\n\t\t\t<div class=\"elementor-widget-wrap elementor-element-populated\">\n\t\t\t\t\t\t<div class=\"elementor-element elementor-element-b7d2986 elementor-widget elementor-widget-google_maps\" data-id=\"b7d2986\" data-element_type=\"widget\" data-widget_type=\"google_maps.default\">\n\t\t\t\t<div class=\"elementor-widget-container\">\n\t\t\t\t\t\t\t<div class=\"elementor-custom-embed\">\n\t\t\t<iframe loading=\"lazy\"\n\t\t\t\t\tsrc=\"https:\/\/maps.google.com\/maps?q=calle%20juan%20varela%205%20oviedo&#038;t=m&#038;z=16&#038;output=embed&#038;iwloc=near\"\n\t\t\t\t\ttitle=\"calle juan varela 5 oviedo\"\n\t\t\t\t\taria-label=\"calle juan varela 5 oviedo\"\n\t\t\t><\/iframe>\n\t\t<\/div>\n\t\t\t\t\t\t<\/div>\n\t\t\t\t<\/div>\n\t\t\t\t\t<\/div>\n\t\t<\/div>\n\t\t\t\t\t<\/div>\n\t\t<\/section>\n\t\t\t\t<\/div>\n\t\t","protected":false},"excerpt":{"rendered":"<p>\u00bfTE GUSTAR\u00cdA SABER M\u00c1S? Si est\u00e1s en Asturias, puedes venir a visitarnos: Calle Juan Valera, 5 Nave 33012 &#8211; Oviedo Horario de Lunes a Viernes: 9:00 a 13:30 y 15:30 a 19:00 Tel\u00e9fono: 985 11 78 49 info@grupoasturemasl.com<\/p>\n","protected":false},"author":2,"featured_media":0,"parent":0,"menu_order":0,"comment_status":"closed","ping_status":"closed","template":"","meta":{"kt_blocks_editor_width":"","footnotes":""},"class_list":["post-11","page","type-page","status-publish","hentry"],"yoast_head":"<!-- This site is optimized with the Yoast SEO plugin v24.8.1 - https:\/\/yoast.com\/wordpress\/plugins\/seo\/ -->\n<title>C\u00f3mo ponerte en Contacto con nosotro | Grupo Asturema<\/title>\n<meta name=\"description\" content=\"\u00bfTe gustar\u00eda conocernos? Toda la informaci\u00f3n para ponerte en contacto con nosotros: direcci\u00f3n del talles, n\u00famero de tel\u00e9fono e email.\" \/>\n<meta name=\"robots\" content=\"index, follow, max-snippet:-1, max-image-preview:large, max-video-preview:-1\" \/>\n<link rel=\"canonical\" href=\"https:\/\/www.grupoasturemasl.com\/website\/contacto\/\" \/>\n<meta property=\"og:locale\" content=\"es_ES\" \/>\n<meta property=\"og:type\" content=\"article\" \/>\n<meta property=\"og:title\" content=\"C\u00f3mo ponerte en Contacto con nosotro | Grupo Asturema\" \/>\n<meta property=\"og:description\" content=\"\u00bfTe gustar\u00eda conocernos? Toda la informaci\u00f3n para ponerte en contacto con nosotros: direcci\u00f3n del talles, n\u00famero de tel\u00e9fono e email.\" \/>\n<meta property=\"og:url\" content=\"https:\/\/www.grupoasturemasl.com\/website\/contacto\/\" \/>\n<meta property=\"og:site_name\" content=\"Grupo Asturema\" \/>\n<meta property=\"article:modified_time\" content=\"2021-02-16T17:41:24+00:00\" \/>\n<meta name=\"twitter:card\" content=\"summary_large_image\" \/>\n<script type=\"application\/ld+json\" class=\"yoast-schema-graph\">{\"@context\":\"https:\/\/schema.org\",\"@graph\":[{\"@type\":\"WebPage\",\"@id\":\"https:\/\/www.grupoasturemasl.com\/website\/contacto\/\",\"url\":\"https:\/\/www.grupoasturemasl.com\/website\/contacto\/\",\"name\":\"C\u00f3mo ponerte en Contacto con nosotro | Grupo Asturema\",\"isPartOf\":{\"@id\":\"https:\/\/www.grupoasturemasl.com\/website\/#website\"},\"datePublished\":\"2019-11-04T17:17:46+00:00\",\"dateModified\":\"2021-02-16T17:41:24+00:00\",\"description\":\"\u00bfTe gustar\u00eda conocernos? Toda la informaci\u00f3n para ponerte en contacto con nosotros: direcci\u00f3n del talles, n\u00famero de tel\u00e9fono e email.\",\"breadcrumb\":{\"@id\":\"https:\/\/www.grupoasturemasl.com\/website\/contacto\/#breadcrumb\"},\"inLanguage\":\"es\",\"potentialAction\":[{\"@type\":\"ReadAction\",\"target\":[\"https:\/\/www.grupoasturemasl.com\/website\/contacto\/\"]}]},{\"@type\":\"BreadcrumbList\",\"@id\":\"https:\/\/www.grupoasturemasl.com\/website\/contacto\/#breadcrumb\",\"itemListElement\":[{\"@type\":\"ListItem\",\"position\":1,\"name\":\"Inicio\",\"item\":\"https:\/\/www.grupoasturemasl.com\/website\/\"},{\"@type\":\"ListItem\",\"position\":2,\"name\":\"Contacto\"}]},{\"@type\":\"WebSite\",\"@id\":\"https:\/\/www.grupoasturemasl.com\/website\/#website\",\"url\":\"https:\/\/www.grupoasturemasl.com\/website\/\",\"name\":\"Grupo Asturema\",\"description\":\"Reparaci\u00f3n de maquinaria\",\"publisher\":{\"@id\":\"https:\/\/www.grupoasturemasl.com\/website\/#organization\"},\"potentialAction\":[{\"@type\":\"SearchAction\",\"target\":{\"@type\":\"EntryPoint\",\"urlTemplate\":\"https:\/\/www.grupoasturemasl.com\/website\/?s={search_term_string}\"},\"query-input\":{\"@type\":\"PropertyValueSpecification\",\"valueRequired\":true,\"valueName\":\"search_term_string\"}}],\"inLanguage\":\"es\"},{\"@type\":\"Organization\",\"@id\":\"https:\/\/www.grupoasturemasl.com\/website\/#organization\",\"name\":\"Grupo Asturema SL\",\"url\":\"https:\/\/www.grupoasturemasl.com\/website\/\",\"logo\":{\"@type\":\"ImageObject\",\"inLanguage\":\"es\",\"@id\":\"https:\/\/www.grupoasturemasl.com\/website\/#\/schema\/logo\/image\/\",\"url\":\"https:\/\/www.grupoasturemasl.com\/website\/wp-content\/uploads\/2020\/01\/asturema_logo-e1580148930250.jpg\",\"contentUrl\":\"https:\/\/www.grupoasturemasl.com\/website\/wp-content\/uploads\/2020\/01\/asturema_logo-e1580148930250.jpg\",\"width\":250,\"height\":160,\"caption\":\"Grupo Asturema SL\"},\"image\":{\"@id\":\"https:\/\/www.grupoasturemasl.com\/website\/#\/schema\/logo\/image\/\"}}]}<\/script>\n<!-- \/ Yoast SEO plugin. -->","yoast_head_json":{"title":"C\u00f3mo ponerte en Contacto con nosotro | Grupo Asturema","description":"\u00bfTe gustar\u00eda conocernos? Toda la informaci\u00f3n para ponerte en contacto con nosotros: direcci\u00f3n del talles, n\u00famero de tel\u00e9fono e email.","robots":{"index":"index","follow":"follow","max-snippet":"max-snippet:-1","max-image-preview":"max-image-preview:large","max-video-preview":"max-video-preview:-1"},"canonical":"https:\/\/www.grupoasturemasl.com\/website\/contacto\/","og_locale":"es_ES","og_type":"article","og_title":"C\u00f3mo ponerte en Contacto con nosotro | Grupo Asturema","og_description":"\u00bfTe gustar\u00eda conocernos? Toda la informaci\u00f3n para ponerte en contacto con nosotros: direcci\u00f3n del talles, n\u00famero de tel\u00e9fono e email.","og_url":"https:\/\/www.grupoasturemasl.com\/website\/contacto\/","og_site_name":"Grupo Asturema","article_modified_time":"2021-02-16T17:41:24+00:00","twitter_card":"summary_large_image","schema":{"@context":"https:\/\/schema.org","@graph":[{"@type":"WebPage","@id":"https:\/\/www.grupoasturemasl.com\/website\/contacto\/","url":"https:\/\/www.grupoasturemasl.com\/website\/contacto\/","name":"C\u00f3mo ponerte en Contacto con nosotro | Grupo Asturema","isPartOf":{"@id":"https:\/\/www.grupoasturemasl.com\/website\/#website"},"datePublished":"2019-11-04T17:17:46+00:00","dateModified":"2021-02-16T17:41:24+00:00","description":"\u00bfTe gustar\u00eda conocernos? Toda la informaci\u00f3n para ponerte en contacto con nosotros: direcci\u00f3n del talles, n\u00famero de tel\u00e9fono e email.","breadcrumb":{"@id":"https:\/\/www.grupoasturemasl.com\/website\/contacto\/#breadcrumb"},"inLanguage":"es","potentialAction":[{"@type":"ReadAction","target":["https:\/\/www.grupoasturemasl.com\/website\/contacto\/"]}]},{"@type":"BreadcrumbList","@id":"https:\/\/www.grupoasturemasl.com\/website\/contacto\/#breadcrumb","itemListElement":[{"@type":"ListItem","position":1,"name":"Inicio","item":"https:\/\/www.grupoasturemasl.com\/website\/"},{"@type":"ListItem","position":2,"name":"Contacto"}]},{"@type":"WebSite","@id":"https:\/\/www.grupoasturemasl.com\/website\/#website","url":"https:\/\/www.grupoasturemasl.com\/website\/","name":"Grupo Asturema","description":"Reparaci\u00f3n de maquinaria","publisher":{"@id":"https:\/\/www.grupoasturemasl.com\/website\/#organization"},"potentialAction":[{"@type":"SearchAction","target":{"@type":"EntryPoint","urlTemplate":"https:\/\/www.grupoasturemasl.com\/website\/?s={search_term_string}"},"query-input":{"@type":"PropertyValueSpecification","valueRequired":true,"valueName":"search_term_string"}}],"inLanguage":"es"},{"@type":"Organization","@id":"https:\/\/www.grupoasturemasl.com\/website\/#organization","name":"Grupo Asturema SL","url":"https:\/\/www.grupoasturemasl.com\/website\/","logo":{"@type":"ImageObject","inLanguage":"es","@id":"https:\/\/www.grupoasturemasl.com\/website\/#\/schema\/logo\/image\/","url":"https:\/\/www.grupoasturemasl.com\/website\/wp-content\/uploads\/2020\/01\/asturema_logo-e1580148930250.jpg","contentUrl":"https:\/\/www.grupoasturemasl.com\/website\/wp-content\/uploads\/2020\/01\/asturema_logo-e1580148930250.jpg","width":250,"height":160,"caption":"Grupo Asturema SL"},"image":{"@id":"https:\/\/www.grupoasturemasl.com\/website\/#\/schema\/logo\/image\/"}}]}},"_links":{"self":[{"href":"https:\/\/www.grupoasturemasl.com\/website\/wp-json\/wp\/v2\/pages\/11","targetHints":{"allow":["GET"]}}],"collection":[{"href":"https:\/\/www.grupoasturemasl.com\/website\/wp-json\/wp\/v2\/pages"}],"about":[{"href":"https:\/\/www.grupoasturemasl.com\/website\/wp-json\/wp\/v2\/types\/page"}],"author":[{"embeddable":true,"href":"https:\/\/www.grupoasturemasl.com\/website\/wp-json\/wp\/v2\/users\/2"}],"replies":[{"embeddable":true,"href":"https:\/\/www.grupoasturemasl.com\/website\/wp-json\/wp\/v2\/comments?post=11"}],"version-history":[{"count":25,"href":"https:\/\/www.grupoasturemasl.com\/website\/wp-json\/wp\/v2\/pages\/11\/revisions"}],"predecessor-version":[{"id":460,"href":"https:\/\/www.grupoasturemasl.com\/website\/wp-json\/wp\/v2\/pages\/11\/revisions\/460"}],"wp:attachment":[{"href":"https:\/\/www.grupoasturemasl.com\/website\/wp-json\/wp\/v2\/media?parent=11"}],"curies":[{"name":"wp","href":"https:\/\/api.w.org\/{rel}","templated":true}]}}