{"id":10,"date":"2019-11-04T18:17:46","date_gmt":"2019-11-04T17:17:46","guid":{"rendered":"https:\/\/www.grupoasturemasl.com\/website\/?page_id=10"},"modified":"2021-02-16T19:28:59","modified_gmt":"2021-02-16T18:28:59","slug":"acerca-de","status":"publish","type":"page","link":"https:\/\/www.grupoasturemasl.com\/website\/acerca-de\/","title":{"rendered":"Acerca de"},"content":{"rendered":"\t\t<div data-elementor-type=\"wp-page\" data-elementor-id=\"10\" class=\"elementor elementor-10\">\n\t\t\t\t\t\t<section class=\"elementor-section elementor-top-section elementor-element elementor-element-99c6c30 elementor-section-boxed elementor-section-height-default elementor-section-height-default\" data-id=\"99c6c30\" data-element_type=\"section\">\n\t\t\t\t\t\t<div class=\"elementor-container elementor-column-gap-default\">\n\t\t\t\t\t<div class=\"elementor-column elementor-col-100 elementor-top-column elementor-element elementor-element-9df2bcf\" data-id=\"9df2bcf\" data-element_type=\"column\">\n\t\t\t<div class=\"elementor-widget-wrap elementor-element-populated\">\n\t\t\t\t\t\t<div class=\"elementor-element elementor-element-f64dc7e elementor-widget elementor-widget-spacer\" data-id=\"f64dc7e\" data-element_type=\"widget\" data-widget_type=\"spacer.default\">\n\t\t\t\t<div class=\"elementor-widget-container\">\n\t\t\t\t\t\t\t<div class=\"elementor-spacer\">\n\t\t\t<div class=\"elementor-spacer-inner\"><\/div>\n\t\t<\/div>\n\t\t\t\t\t\t<\/div>\n\t\t\t\t<\/div>\n\t\t\t\t\t<\/div>\n\t\t<\/div>\n\t\t\t\t\t<\/div>\n\t\t<\/section>\n\t\t\t\t<section class=\"elementor-section elementor-top-section elementor-element elementor-element-a85e0e5 elementor-section-boxed elementor-section-height-default elementor-section-height-default\" data-id=\"a85e0e5\" data-element_type=\"section\">\n\t\t\t\t\t\t<div class=\"elementor-container elementor-column-gap-default\">\n\t\t\t\t\t<div class=\"elementor-column elementor-col-50 elementor-top-column elementor-element elementor-element-6a9d6eb\" data-id=\"6a9d6eb\" data-element_type=\"column\">\n\t\t\t<div class=\"elementor-widget-wrap elementor-element-populated\">\n\t\t\t\t\t\t<div class=\"elementor-element elementor-element-da0f543 elementor-widget elementor-widget-heading\" data-id=\"da0f543\" data-element_type=\"widget\" data-widget_type=\"heading.default\">\n\t\t\t\t<div class=\"elementor-widget-container\">\n\t\t\t\t\t<h2 class=\"elementor-heading-title elementor-size-default\">SOBRE NUESTRA EMPRESA<\/h2>\t\t\t\t<\/div>\n\t\t\t\t<\/div>\n\t\t\t\t\t<\/div>\n\t\t<\/div>\n\t\t\t\t<div class=\"elementor-column elementor-col-50 elementor-top-column elementor-element elementor-element-087ca57\" data-id=\"087ca57\" data-element_type=\"column\">\n\t\t\t<div class=\"elementor-widget-wrap\">\n\t\t\t\t\t\t\t<\/div>\n\t\t<\/div>\n\t\t\t\t\t<\/div>\n\t\t<\/section>\n\t\t\t\t<section class=\"elementor-section elementor-top-section elementor-element elementor-element-495c331 elementor-section-boxed elementor-section-height-default elementor-section-height-default\" data-id=\"495c331\" data-element_type=\"section\">\n\t\t\t\t\t\t<div class=\"elementor-container elementor-column-gap-default\">\n\t\t\t\t\t<div class=\"elementor-column elementor-col-100 elementor-top-column elementor-element elementor-element-30ae5b2\" data-id=\"30ae5b2\" data-element_type=\"column\">\n\t\t\t<div class=\"elementor-widget-wrap elementor-element-populated\">\n\t\t\t\t\t\t<div class=\"elementor-element elementor-element-61565c3 elementor-widget elementor-widget-spacer\" data-id=\"61565c3\" data-element_type=\"widget\" data-widget_type=\"spacer.default\">\n\t\t\t\t<div class=\"elementor-widget-container\">\n\t\t\t\t\t\t\t<div class=\"elementor-spacer\">\n\t\t\t<div class=\"elementor-spacer-inner\"><\/div>\n\t\t<\/div>\n\t\t\t\t\t\t<\/div>\n\t\t\t\t<\/div>\n\t\t\t\t\t<\/div>\n\t\t<\/div>\n\t\t\t\t\t<\/div>\n\t\t<\/section>\n\t\t\t\t<section class=\"elementor-section elementor-top-section elementor-element elementor-element-cb40254 elementor-section-boxed elementor-section-height-default elementor-section-height-default\" data-id=\"cb40254\" data-element_type=\"section\">\n\t\t\t\t\t\t<div class=\"elementor-container elementor-column-gap-default\">\n\t\t\t\t\t<div class=\"elementor-column elementor-col-33 elementor-top-column elementor-element elementor-element-d918001\" data-id=\"d918001\" data-element_type=\"column\">\n\t\t\t<div class=\"elementor-widget-wrap elementor-element-populated\">\n\t\t\t\t\t\t<div class=\"elementor-element elementor-element-b67cadf elementor-widget elementor-widget-image\" data-id=\"b67cadf\" data-element_type=\"widget\" data-widget_type=\"image.default\">\n\t\t\t\t<div class=\"elementor-widget-container\">\n\t\t\t\t\t\t\t\t\t\t\t\t\t\t\t<img fetchpriority=\"high\" decoding=\"async\" width=\"901\" height=\"600\" src=\"https:\/\/www.grupoasturemasl.com\/website\/wp-content\/uploads\/2019\/11\/keys-1380134_1920.jpg\" class=\"attachment-large size-large wp-image-78\" alt=\"Pared de taller\" srcset=\"https:\/\/www.grupoasturemasl.com\/website\/wp-content\/uploads\/2019\/11\/keys-1380134_1920.jpg 901w, https:\/\/www.grupoasturemasl.com\/website\/wp-content\/uploads\/2019\/11\/keys-1380134_1920-300x200.jpg 300w, https:\/\/www.grupoasturemasl.com\/website\/wp-content\/uploads\/2019\/11\/keys-1380134_1920-768x511.jpg 768w\" sizes=\"(max-width: 901px) 100vw, 901px\" \/>\t\t\t\t\t\t\t\t\t\t\t\t\t\t\t<\/div>\n\t\t\t\t<\/div>\n\t\t\t\t\t<\/div>\n\t\t<\/div>\n\t\t\t\t<div class=\"elementor-column elementor-col-66 elementor-top-column elementor-element elementor-element-b523eac\" data-id=\"b523eac\" data-element_type=\"column\">\n\t\t\t<div class=\"elementor-widget-wrap elementor-element-populated\">\n\t\t\t\t\t\t<div class=\"elementor-element elementor-element-87cc8bf elementor-widget elementor-widget-text-editor\" data-id=\"87cc8bf\" data-element_type=\"widget\" data-widget_type=\"text-editor.default\">\n\t\t\t\t<div class=\"elementor-widget-container\">\n\t\t\t\t\t\t\t\t\t<p><strong>Grupo Asturema SL<\/strong> es una empresa espa\u00f1ola que desde 2005 se dedica a la reparaci\u00f3n de maquinaria el\u00e9ctrica, neum\u00e1tica, grupos electr\u00f3genos, jardiner\u00eda, grupos de soldar y maquinaria de construcci\u00f3n.<\/p><p>Poseemos clientes tanto en Espa\u00f1a como internacionales y es, gracias a ellos, que hemos conseguido un buen posicionamiento dentro de este mercado.<\/p><p><strong>Jefe de taller<\/strong>: Juan Carlos Lafuente<\/p><p><strong>Electromec\u00e1nicos<\/strong>: Rub\u00e9n Lafuente, Francisco Javier<\/p><p><strong>Dpto. T\u00e9cnico \/ Administrativo<\/strong>: Adri\u00e1n Guti\u00e9rrez<\/p>\t\t\t\t\t\t\t\t<\/div>\n\t\t\t\t<\/div>\n\t\t\t\t\t<\/div>\n\t\t<\/div>\n\t\t\t\t\t<\/div>\n\t\t<\/section>\n\t\t\t\t<section class=\"elementor-section elementor-top-section elementor-element elementor-element-481dab8 elementor-section-boxed elementor-section-height-default elementor-section-height-default\" data-id=\"481dab8\" data-element_type=\"section\">\n\t\t\t\t\t\t<div class=\"elementor-container elementor-column-gap-default\">\n\t\t\t\t\t<div class=\"elementor-column elementor-col-33 elementor-top-column elementor-element elementor-element-1bab940\" data-id=\"1bab940\" data-element_type=\"column\">\n\t\t\t<div class=\"elementor-widget-wrap\">\n\t\t\t\t\t\t\t<\/div>\n\t\t<\/div>\n\t\t\t\t<div class=\"elementor-column elementor-col-66 elementor-top-column elementor-element elementor-element-90d7f93\" data-id=\"90d7f93\" data-element_type=\"column\">\n\t\t\t<div class=\"elementor-widget-wrap elementor-element-populated\">\n\t\t\t\t\t\t<div class=\"elementor-element elementor-element-d457bd8 elementor-widget elementor-widget-text-editor\" data-id=\"d457bd8\" data-element_type=\"widget\" data-widget_type=\"text-editor.default\">\n\t\t\t\t<div class=\"elementor-widget-container\">\n\t\t\t\t\t\t\t\t\t<p>\u00bfQuieres que te ayudemos?<\/p>\t\t\t\t\t\t\t\t<\/div>\n\t\t\t\t<\/div>\n\t\t\t\t<div class=\"elementor-element elementor-element-a366702 elementor-align-center elementor-widget elementor-widget-button\" data-id=\"a366702\" data-element_type=\"widget\" data-settings=\"{&quot;_animation&quot;:&quot;none&quot;}\" data-widget_type=\"button.default\">\n\t\t\t\t<div class=\"elementor-widget-container\">\n\t\t\t\t\t\t\t\t\t<div class=\"elementor-button-wrapper\">\n\t\t\t\t\t<a class=\"elementor-button elementor-button-link elementor-size-sm elementor-animation-grow\" href=\"https:\/\/www.grupoasturemasl.com\/website\/contacto\/\">\n\t\t\t\t\t\t<span class=\"elementor-button-content-wrapper\">\n\t\t\t\t\t\t\t\t\t<span class=\"elementor-button-text\">Cont\u00e1ctanos<\/span>\n\t\t\t\t\t<\/span>\n\t\t\t\t\t<\/a>\n\t\t\t\t<\/div>\n\t\t\t\t\t\t\t\t<\/div>\n\t\t\t\t<\/div>\n\t\t\t\t\t<\/div>\n\t\t<\/div>\n\t\t\t\t\t<\/div>\n\t\t<\/section>\n\t\t\t\t<section class=\"elementor-section elementor-top-section elementor-element elementor-element-a8ff11e elementor-section-boxed elementor-section-height-default elementor-section-height-default\" data-id=\"a8ff11e\" data-element_type=\"section\">\n\t\t\t\t\t\t<div class=\"elementor-container elementor-column-gap-default\">\n\t\t\t\t\t<div class=\"elementor-column elementor-col-100 elementor-top-column elementor-element elementor-element-1cc2596\" data-id=\"1cc2596\" data-element_type=\"column\">\n\t\t\t<div class=\"elementor-widget-wrap elementor-element-populated\">\n\t\t\t\t\t\t<div class=\"elementor-element elementor-element-379c830 elementor-widget elementor-widget-spacer\" data-id=\"379c830\" data-element_type=\"widget\" data-widget_type=\"spacer.default\">\n\t\t\t\t<div class=\"elementor-widget-container\">\n\t\t\t\t\t\t\t<div class=\"elementor-spacer\">\n\t\t\t<div class=\"elementor-spacer-inner\"><\/div>\n\t\t<\/div>\n\t\t\t\t\t\t<\/div>\n\t\t\t\t<\/div>\n\t\t\t\t\t<\/div>\n\t\t<\/div>\n\t\t\t\t\t<\/div>\n\t\t<\/section>\n\t\t\t\t<\/div>\n\t\t","protected":false},"excerpt":{"rendered":"<p>SOBRE NUESTRA EMPRESA Grupo Asturema SL es una empresa espa\u00f1ola que desde 2005 se dedica a la reparaci\u00f3n de maquinaria el\u00e9ctrica, neum\u00e1tica, grupos electr\u00f3genos, jardiner\u00eda, grupos de soldar y maquinaria de construcci\u00f3n. Poseemos clientes tanto en Espa\u00f1a como internacionales y &hellip; <a href=\"https:\/\/www.grupoasturemasl.com\/website\/acerca-de\/\">Continuar<\/a><\/p>\n","protected":false},"author":2,"featured_media":0,"parent":0,"menu_order":0,"comment_status":"closed","ping_status":"closed","template":"","meta":{"kt_blocks_editor_width":"","footnotes":""},"class_list":["post-10","page","type-page","status-publish","hentry"],"yoast_head":"<!-- This site is optimized with the Yoast SEO plugin v24.8.1 - https:\/\/yoast.com\/wordpress\/plugins\/seo\/ -->\n<title>Informaci\u00f3n Acerca de nuestra empresa | Grupo Asturema<\/title>\n<meta name=\"description\" content=\"Aqu\u00ed tienes toda la informaci\u00f3n sobre nuestra empresa as\u00ed como de los profesionales que la conforman. \u00a1Conoce a Grupo Asturema!\" \/>\n<meta name=\"robots\" content=\"index, follow, max-snippet:-1, max-image-preview:large, max-video-preview:-1\" \/>\n<link rel=\"canonical\" href=\"https:\/\/www.grupoasturemasl.com\/website\/acerca-de\/\" \/>\n<meta property=\"og:locale\" content=\"es_ES\" \/>\n<meta property=\"og:type\" content=\"article\" \/>\n<meta property=\"og:title\" content=\"Informaci\u00f3n Acerca de nuestra empresa | Grupo Asturema\" \/>\n<meta property=\"og:description\" content=\"Aqu\u00ed tienes toda la informaci\u00f3n sobre nuestra empresa as\u00ed como de los profesionales que la conforman. \u00a1Conoce a Grupo Asturema!\" \/>\n<meta property=\"og:url\" content=\"https:\/\/www.grupoasturemasl.com\/website\/acerca-de\/\" \/>\n<meta property=\"og:site_name\" content=\"Grupo Asturema\" \/>\n<meta property=\"article:modified_time\" content=\"2021-02-16T18:28:59+00:00\" \/>\n<meta property=\"og:image\" content=\"https:\/\/www.grupoasturemasl.com\/website\/wp-content\/uploads\/2019\/11\/keys-1380134_1920.jpg\" \/>\n<meta name=\"twitter:card\" content=\"summary_large_image\" \/>\n<script type=\"application\/ld+json\" class=\"yoast-schema-graph\">{\"@context\":\"https:\/\/schema.org\",\"@graph\":[{\"@type\":\"WebPage\",\"@id\":\"https:\/\/www.grupoasturemasl.com\/website\/acerca-de\/\",\"url\":\"https:\/\/www.grupoasturemasl.com\/website\/acerca-de\/\",\"name\":\"Informaci\u00f3n Acerca de nuestra empresa | Grupo Asturema\",\"isPartOf\":{\"@id\":\"https:\/\/www.grupoasturemasl.com\/website\/#website\"},\"primaryImageOfPage\":{\"@id\":\"https:\/\/www.grupoasturemasl.com\/website\/acerca-de\/#primaryimage\"},\"image\":{\"@id\":\"https:\/\/www.grupoasturemasl.com\/website\/acerca-de\/#primaryimage\"},\"thumbnailUrl\":\"https:\/\/www.grupoasturemasl.com\/website\/wp-content\/uploads\/2019\/11\/keys-1380134_1920.jpg\",\"datePublished\":\"2019-11-04T17:17:46+00:00\",\"dateModified\":\"2021-02-16T18:28:59+00:00\",\"description\":\"Aqu\u00ed tienes toda la informaci\u00f3n sobre nuestra empresa as\u00ed como de los profesionales que la conforman. \u00a1Conoce a Grupo Asturema!\",\"breadcrumb\":{\"@id\":\"https:\/\/www.grupoasturemasl.com\/website\/acerca-de\/#breadcrumb\"},\"inLanguage\":\"es\",\"potentialAction\":[{\"@type\":\"ReadAction\",\"target\":[\"https:\/\/www.grupoasturemasl.com\/website\/acerca-de\/\"]}]},{\"@type\":\"ImageObject\",\"inLanguage\":\"es\",\"@id\":\"https:\/\/www.grupoasturemasl.com\/website\/acerca-de\/#primaryimage\",\"url\":\"https:\/\/www.grupoasturemasl.com\/website\/wp-content\/uploads\/2019\/11\/keys-1380134_1920.jpg\",\"contentUrl\":\"https:\/\/www.grupoasturemasl.com\/website\/wp-content\/uploads\/2019\/11\/keys-1380134_1920.jpg\",\"width\":901,\"height\":600,\"caption\":\"Pared de taller\"},{\"@type\":\"BreadcrumbList\",\"@id\":\"https:\/\/www.grupoasturemasl.com\/website\/acerca-de\/#breadcrumb\",\"itemListElement\":[{\"@type\":\"ListItem\",\"position\":1,\"name\":\"Inicio\",\"item\":\"https:\/\/www.grupoasturemasl.com\/website\/\"},{\"@type\":\"ListItem\",\"position\":2,\"name\":\"Acerca de\"}]},{\"@type\":\"WebSite\",\"@id\":\"https:\/\/www.grupoasturemasl.com\/website\/#website\",\"url\":\"https:\/\/www.grupoasturemasl.com\/website\/\",\"name\":\"Grupo Asturema\",\"description\":\"Reparaci\u00f3n de maquinaria\",\"publisher\":{\"@id\":\"https:\/\/www.grupoasturemasl.com\/website\/#organization\"},\"potentialAction\":[{\"@type\":\"SearchAction\",\"target\":{\"@type\":\"EntryPoint\",\"urlTemplate\":\"https:\/\/www.grupoasturemasl.com\/website\/?s={search_term_string}\"},\"query-input\":{\"@type\":\"PropertyValueSpecification\",\"valueRequired\":true,\"valueName\":\"search_term_string\"}}],\"inLanguage\":\"es\"},{\"@type\":\"Organization\",\"@id\":\"https:\/\/www.grupoasturemasl.com\/website\/#organization\",\"name\":\"Grupo Asturema SL\",\"url\":\"https:\/\/www.grupoasturemasl.com\/website\/\",\"logo\":{\"@type\":\"ImageObject\",\"inLanguage\":\"es\",\"@id\":\"https:\/\/www.grupoasturemasl.com\/website\/#\/schema\/logo\/image\/\",\"url\":\"https:\/\/www.grupoasturemasl.com\/website\/wp-content\/uploads\/2020\/01\/asturema_logo-e1580148930250.jpg\",\"contentUrl\":\"https:\/\/www.grupoasturemasl.com\/website\/wp-content\/uploads\/2020\/01\/asturema_logo-e1580148930250.jpg\",\"width\":250,\"height\":160,\"caption\":\"Grupo Asturema SL\"},\"image\":{\"@id\":\"https:\/\/www.grupoasturemasl.com\/website\/#\/schema\/logo\/image\/\"}}]}<\/script>\n<!-- \/ Yoast SEO plugin. -->","yoast_head_json":{"title":"Informaci\u00f3n Acerca de nuestra empresa | Grupo Asturema","description":"Aqu\u00ed tienes toda la informaci\u00f3n sobre nuestra empresa as\u00ed como de los profesionales que la conforman. \u00a1Conoce a Grupo Asturema!","robots":{"index":"index","follow":"follow","max-snippet":"max-snippet:-1","max-image-preview":"max-image-preview:large","max-video-preview":"max-video-preview:-1"},"canonical":"https:\/\/www.grupoasturemasl.com\/website\/acerca-de\/","og_locale":"es_ES","og_type":"article","og_title":"Informaci\u00f3n Acerca de nuestra empresa | Grupo Asturema","og_description":"Aqu\u00ed tienes toda la informaci\u00f3n sobre nuestra empresa as\u00ed como de los profesionales que la conforman. \u00a1Conoce a Grupo Asturema!","og_url":"https:\/\/www.grupoasturemasl.com\/website\/acerca-de\/","og_site_name":"Grupo Asturema","article_modified_time":"2021-02-16T18:28:59+00:00","og_image":[{"url":"https:\/\/www.grupoasturemasl.com\/website\/wp-content\/uploads\/2019\/11\/keys-1380134_1920.jpg","type":"","width":"","height":""}],"twitter_card":"summary_large_image","schema":{"@context":"https:\/\/schema.org","@graph":[{"@type":"WebPage","@id":"https:\/\/www.grupoasturemasl.com\/website\/acerca-de\/","url":"https:\/\/www.grupoasturemasl.com\/website\/acerca-de\/","name":"Informaci\u00f3n Acerca de nuestra empresa | Grupo Asturema","isPartOf":{"@id":"https:\/\/www.grupoasturemasl.com\/website\/#website"},"primaryImageOfPage":{"@id":"https:\/\/www.grupoasturemasl.com\/website\/acerca-de\/#primaryimage"},"image":{"@id":"https:\/\/www.grupoasturemasl.com\/website\/acerca-de\/#primaryimage"},"thumbnailUrl":"https:\/\/www.grupoasturemasl.com\/website\/wp-content\/uploads\/2019\/11\/keys-1380134_1920.jpg","datePublished":"2019-11-04T17:17:46+00:00","dateModified":"2021-02-16T18:28:59+00:00","description":"Aqu\u00ed tienes toda la informaci\u00f3n sobre nuestra empresa as\u00ed como de los profesionales que la conforman. \u00a1Conoce a Grupo Asturema!","breadcrumb":{"@id":"https:\/\/www.grupoasturemasl.com\/website\/acerca-de\/#breadcrumb"},"inLanguage":"es","potentialAction":[{"@type":"ReadAction","target":["https:\/\/www.grupoasturemasl.com\/website\/acerca-de\/"]}]},{"@type":"ImageObject","inLanguage":"es","@id":"https:\/\/www.grupoasturemasl.com\/website\/acerca-de\/#primaryimage","url":"https:\/\/www.grupoasturemasl.com\/website\/wp-content\/uploads\/2019\/11\/keys-1380134_1920.jpg","contentUrl":"https:\/\/www.grupoasturemasl.com\/website\/wp-content\/uploads\/2019\/11\/keys-1380134_1920.jpg","width":901,"height":600,"caption":"Pared de taller"},{"@type":"BreadcrumbList","@id":"https:\/\/www.grupoasturemasl.com\/website\/acerca-de\/#breadcrumb","itemListElement":[{"@type":"ListItem","position":1,"name":"Inicio","item":"https:\/\/www.grupoasturemasl.com\/website\/"},{"@type":"ListItem","position":2,"name":"Acerca de"}]},{"@type":"WebSite","@id":"https:\/\/www.grupoasturemasl.com\/website\/#website","url":"https:\/\/www.grupoasturemasl.com\/website\/","name":"Grupo Asturema","description":"Reparaci\u00f3n de maquinaria","publisher":{"@id":"https:\/\/www.grupoasturemasl.com\/website\/#organization"},"potentialAction":[{"@type":"SearchAction","target":{"@type":"EntryPoint","urlTemplate":"https:\/\/www.grupoasturemasl.com\/website\/?s={search_term_string}"},"query-input":{"@type":"PropertyValueSpecification","valueRequired":true,"valueName":"search_term_string"}}],"inLanguage":"es"},{"@type":"Organization","@id":"https:\/\/www.grupoasturemasl.com\/website\/#organization","name":"Grupo Asturema SL","url":"https:\/\/www.grupoasturemasl.com\/website\/","logo":{"@type":"ImageObject","inLanguage":"es","@id":"https:\/\/www.grupoasturemasl.com\/website\/#\/schema\/logo\/image\/","url":"https:\/\/www.grupoasturemasl.com\/website\/wp-content\/uploads\/2020\/01\/asturema_logo-e1580148930250.jpg","contentUrl":"https:\/\/www.grupoasturemasl.com\/website\/wp-content\/uploads\/2020\/01\/asturema_logo-e1580148930250.jpg","width":250,"height":160,"caption":"Grupo Asturema SL"},"image":{"@id":"https:\/\/www.grupoasturemasl.com\/website\/#\/schema\/logo\/image\/"}}]}},"_links":{"self":[{"href":"https:\/\/www.grupoasturemasl.com\/website\/wp-json\/wp\/v2\/pages\/10","targetHints":{"allow":["GET"]}}],"collection":[{"href":"https:\/\/www.grupoasturemasl.com\/website\/wp-json\/wp\/v2\/pages"}],"about":[{"href":"https:\/\/www.grupoasturemasl.com\/website\/wp-json\/wp\/v2\/types\/page"}],"author":[{"embeddable":true,"href":"https:\/\/www.grupoasturemasl.com\/website\/wp-json\/wp\/v2\/users\/2"}],"replies":[{"embeddable":true,"href":"https:\/\/www.grupoasturemasl.com\/website\/wp-json\/wp\/v2\/comments?post=10"}],"version-history":[{"count":14,"href":"https:\/\/www.grupoasturemasl.com\/website\/wp-json\/wp\/v2\/pages\/10\/revisions"}],"predecessor-version":[{"id":472,"href":"https:\/\/www.grupoasturemasl.com\/website\/wp-json\/wp\/v2\/pages\/10\/revisions\/472"}],"wp:attachment":[{"href":"https:\/\/www.grupoasturemasl.com\/website\/wp-json\/wp\/v2\/media?parent=10"}],"curies":[{"name":"wp","href":"https:\/\/api.w.org\/{rel}","templated":true}]}}